{"id":429,"date":"2018-06-14T16:09:55","date_gmt":"2018-06-14T14:09:55","guid":{"rendered":"http:\/\/lightyellow-salamander-971425.hostingersite.com\/?page_id=429"},"modified":"2022-05-05T15:45:53","modified_gmt":"2022-05-05T13:45:53","slug":"sala-de-prensa","status":"publish","type":"page","link":"https:\/\/la.safestart.com\/oldv\/sala-de-prensa\/","title":{"rendered":"Noticias"},"content":{"rendered":"<h2 style=\"text-align: center;\">\u00a1Bienvenidos\u00a0a\u00a0nuestra\u00a0Sala\u00a0de\u00a0Prensa!<\/h2>\n<p style=\"text-align: center;\">Aqu\u00ed usted encontrar\u00e1 las \u00faltimas noticias sobre SafeStart International, comunicados de prensa oficiales y cualquier otra informaci\u00f3n p\u00fablica que necesite saber sobre SafeStart.<\/p>\n<p style=\"text-align: center;\"><a href=\"http:\/\/lightyellow-salamander-971425.hostingersite.com\/sala-de-prensa\/#tgbreak\">Suscr\u00edbase a nuestra lista de correo<\/a> para que se mentenga informado.<\/p>\n<p style=\"text-align: center;\">Si necesita m\u00e1s informaci\u00f3n sobre SafeStart, cont\u00e1ctenos aqu\u00ed <a href=\"http:\/\/lightyellow-salamander-971425.hostingersite.com\/contacto\/\" target=\"_blank\" rel=\"noopener noreferrer\">aqu\u00ed<\/a>.<\/p>\n<p>&nbsp;<\/p>\n","protected":false},"excerpt":{"rendered":"<p>\u00a1Bienvenidos\u00a0a\u00a0nuestra\u00a0Sala\u00a0de\u00a0Prensa! Aqu\u00ed usted encontrar\u00e1 las \u00faltimas noticias sobre SafeStart International, comunicados de prensa oficiales y cualquier otra informaci\u00f3n p\u00fablica que necesite saber sobre SafeStart. Suscr\u00edbase a nuestra lista de correo para que se mentenga informado. Si necesita m\u00e1s informaci\u00f3n sobre SafeStart, cont\u00e1ctenos aqu\u00ed aqu\u00ed. &nbsp;<\/p>\n","protected":false},"author":17,"featured_media":1854,"parent":0,"menu_order":0,"comment_status":"closed","ping_status":"closed","template":"page-newsroom.php","meta":{"_acf_changed":false,"footnotes":""},"class_list":["post-429","page","type-page","status-publish","has-post-thumbnail","hentry"],"acf":[],"yoast_head":"<!-- This site is optimized with the Yoast SEO plugin v22.2 - https:\/\/yoast.com\/wordpress\/plugins\/seo\/ -->\n<title>Noticias - SafeStart<\/title>\n<meta name=\"description\" content=\"Mant\u00e9ngase informado sobre la seguridad profesional: aqu\u00ed encontrar\u00e1 las \u00faltimas noticias, descargas y comunicados de prensa sobre SafeStart. \u00a1Suscr\u00edbase!\" \/>\n<meta name=\"robots\" content=\"index, follow, max-snippet:-1, max-image-preview:large, max-video-preview:-1\" \/>\n<link rel=\"canonical\" href=\"https:\/\/la.safestart.com\/oldv\/sala-de-prensa\/\" \/>\n<meta property=\"og:locale\" content=\"es_ES\" \/>\n<meta property=\"og:type\" content=\"article\" \/>\n<meta property=\"og:title\" content=\"Noticias - SafeStart\" \/>\n<meta property=\"og:description\" content=\"Mant\u00e9ngase informado sobre la seguridad profesional: aqu\u00ed encontrar\u00e1 las \u00faltimas noticias, descargas y comunicados de prensa sobre SafeStart. \u00a1Suscr\u00edbase!\" \/>\n<meta property=\"og:url\" content=\"https:\/\/la.safestart.com\/oldv\/sala-de-prensa\/\" \/>\n<meta property=\"og:site_name\" content=\"SafeStart\" \/>\n<meta property=\"article:publisher\" content=\"https:\/\/www.facebook.com\/safestart\/\" \/>\n<meta property=\"article:modified_time\" content=\"2022-05-05T13:45:53+00:00\" \/>\n<meta property=\"og:image\" content=\"https:\/\/la.safestart.com\/oldv\/wp-content\/uploads\/2018\/11\/Sala-de-prensa-SafeStart_Cultura-de-la-seguridad_mantengase-a-salvo.jpg\" \/>\n\t<meta property=\"og:image:width\" content=\"1900\" \/>\n\t<meta property=\"og:image:height\" content=\"450\" \/>\n\t<meta property=\"og:image:type\" content=\"image\/jpeg\" \/>\n<meta name=\"twitter:card\" content=\"summary_large_image\" \/>\n<script type=\"application\/ld+json\" class=\"yoast-schema-graph\">{\"@context\":\"https:\/\/schema.org\",\"@graph\":[{\"@type\":\"WebPage\",\"@id\":\"https:\/\/la.safestart.com\/oldv\/sala-de-prensa\/\",\"url\":\"https:\/\/la.safestart.com\/oldv\/sala-de-prensa\/\",\"name\":\"Noticias - SafeStart\",\"isPartOf\":{\"@id\":\"https:\/\/la.safestart.com\/oldv\/#website\"},\"primaryImageOfPage\":{\"@id\":\"https:\/\/la.safestart.com\/oldv\/sala-de-prensa\/#primaryimage\"},\"image\":{\"@id\":\"https:\/\/la.safestart.com\/oldv\/sala-de-prensa\/#primaryimage\"},\"thumbnailUrl\":\"https:\/\/la.safestart.com\/oldv\/wp-content\/uploads\/2018\/11\/Sala-de-prensa-SafeStart_Cultura-de-la-seguridad_mantengase-a-salvo.jpg\",\"datePublished\":\"2018-06-14T14:09:55+00:00\",\"dateModified\":\"2022-05-05T13:45:53+00:00\",\"description\":\"Mant\u00e9ngase informado sobre la seguridad profesional: aqu\u00ed encontrar\u00e1 las \u00faltimas noticias, descargas y comunicados de prensa sobre SafeStart. \u00a1Suscr\u00edbase!\",\"breadcrumb\":{\"@id\":\"https:\/\/la.safestart.com\/oldv\/sala-de-prensa\/#breadcrumb\"},\"inLanguage\":\"es\",\"potentialAction\":[{\"@type\":\"ReadAction\",\"target\":[\"https:\/\/la.safestart.com\/oldv\/sala-de-prensa\/\"]}]},{\"@type\":\"ImageObject\",\"inLanguage\":\"es\",\"@id\":\"https:\/\/la.safestart.com\/oldv\/sala-de-prensa\/#primaryimage\",\"url\":\"https:\/\/la.safestart.com\/oldv\/wp-content\/uploads\/2018\/11\/Sala-de-prensa-SafeStart_Cultura-de-la-seguridad_mantengase-a-salvo.jpg\",\"contentUrl\":\"https:\/\/la.safestart.com\/oldv\/wp-content\/uploads\/2018\/11\/Sala-de-prensa-SafeStart_Cultura-de-la-seguridad_mantengase-a-salvo.jpg\",\"width\":1900,\"height\":450,\"caption\":\"\u00a1Encuentre todas las noticias sobre SafeStart, la seguridad y los nuevos lanzamientos aqu\u00ed mismo, en la sala de prensa! (Imagen: \u00a9 Tolgart | Getty Images)\"},{\"@type\":\"BreadcrumbList\",\"@id\":\"https:\/\/la.safestart.com\/oldv\/sala-de-prensa\/#breadcrumb\",\"itemListElement\":[{\"@type\":\"ListItem\",\"position\":1,\"name\":\"SafeStart\",\"item\":\"https:\/\/la.safestart.com\/oldv\/\"},{\"@type\":\"ListItem\",\"position\":2,\"name\":\"Noticias\"}]},{\"@type\":\"WebSite\",\"@id\":\"https:\/\/la.safestart.com\/oldv\/#website\",\"url\":\"https:\/\/la.safestart.com\/oldv\/\",\"name\":\"SafeStart\",\"description\":\"SafeStart aborda los errores humanos involuntarios y los h\u00e1bitos de seguridad cr\u00edticos, disminuyendo el riesgo y la probabilidad de lesiones. SafeStart acelera y mejora notablemente los esfuerzos emprendidos a fin de reducir los incidentes, complementando aquellos enfoques.\",\"publisher\":{\"@id\":\"https:\/\/la.safestart.com\/oldv\/#organization\"},\"potentialAction\":[{\"@type\":\"SearchAction\",\"target\":{\"@type\":\"EntryPoint\",\"urlTemplate\":\"https:\/\/la.safestart.com\/oldv\/?s={search_term_string}\"},\"query-input\":\"required name=search_term_string\"}],\"inLanguage\":\"es\"},{\"@type\":\"Organization\",\"@id\":\"https:\/\/la.safestart.com\/oldv\/#organization\",\"name\":\"SafeStart\",\"url\":\"https:\/\/la.safestart.com\/oldv\/\",\"logo\":{\"@type\":\"ImageObject\",\"inLanguage\":\"es\",\"@id\":\"https:\/\/la.safestart.com\/oldv\/#\/schema\/logo\/image\/\",\"url\":\"https:\/\/lightyellow-salamander-971425.hostingersite.com\/wp-content\/uploads\/2018\/06\/SafeStart-Logo_1.jpg\",\"contentUrl\":\"https:\/\/lightyellow-salamander-971425.hostingersite.com\/wp-content\/uploads\/2018\/06\/SafeStart-Logo_1.jpg\",\"width\":1057,\"height\":491,\"caption\":\"SafeStart\"},\"image\":{\"@id\":\"https:\/\/la.safestart.com\/oldv\/#\/schema\/logo\/image\/\"},\"sameAs\":[\"https:\/\/www.facebook.com\/safestart\/\",\"https:\/\/www.linkedin.com\/showcase\/safestart-europe\/\",\"https:\/\/www.youtube.com\/channel\/UCuy50tTZ7S-IvM58tYj9EmA\"]}]}<\/script>\n<!-- \/ Yoast SEO plugin. -->","yoast_head_json":{"title":"Noticias - SafeStart","description":"Mant\u00e9ngase informado sobre la seguridad profesional: aqu\u00ed encontrar\u00e1 las \u00faltimas noticias, descargas y comunicados de prensa sobre SafeStart. \u00a1Suscr\u00edbase!","robots":{"index":"index","follow":"follow","max-snippet":"max-snippet:-1","max-image-preview":"max-image-preview:large","max-video-preview":"max-video-preview:-1"},"canonical":"https:\/\/la.safestart.com\/oldv\/sala-de-prensa\/","og_locale":"es_ES","og_type":"article","og_title":"Noticias - SafeStart","og_description":"Mant\u00e9ngase informado sobre la seguridad profesional: aqu\u00ed encontrar\u00e1 las \u00faltimas noticias, descargas y comunicados de prensa sobre SafeStart. \u00a1Suscr\u00edbase!","og_url":"https:\/\/la.safestart.com\/oldv\/sala-de-prensa\/","og_site_name":"SafeStart","article_publisher":"https:\/\/www.facebook.com\/safestart\/","article_modified_time":"2022-05-05T13:45:53+00:00","og_image":[{"width":1900,"height":450,"url":"https:\/\/la.safestart.com\/oldv\/wp-content\/uploads\/2018\/11\/Sala-de-prensa-SafeStart_Cultura-de-la-seguridad_mantengase-a-salvo.jpg","type":"image\/jpeg"}],"twitter_card":"summary_large_image","schema":{"@context":"https:\/\/schema.org","@graph":[{"@type":"WebPage","@id":"https:\/\/la.safestart.com\/oldv\/sala-de-prensa\/","url":"https:\/\/la.safestart.com\/oldv\/sala-de-prensa\/","name":"Noticias - SafeStart","isPartOf":{"@id":"https:\/\/la.safestart.com\/oldv\/#website"},"primaryImageOfPage":{"@id":"https:\/\/la.safestart.com\/oldv\/sala-de-prensa\/#primaryimage"},"image":{"@id":"https:\/\/la.safestart.com\/oldv\/sala-de-prensa\/#primaryimage"},"thumbnailUrl":"https:\/\/la.safestart.com\/oldv\/wp-content\/uploads\/2018\/11\/Sala-de-prensa-SafeStart_Cultura-de-la-seguridad_mantengase-a-salvo.jpg","datePublished":"2018-06-14T14:09:55+00:00","dateModified":"2022-05-05T13:45:53+00:00","description":"Mant\u00e9ngase informado sobre la seguridad profesional: aqu\u00ed encontrar\u00e1 las \u00faltimas noticias, descargas y comunicados de prensa sobre SafeStart. \u00a1Suscr\u00edbase!","breadcrumb":{"@id":"https:\/\/la.safestart.com\/oldv\/sala-de-prensa\/#breadcrumb"},"inLanguage":"es","potentialAction":[{"@type":"ReadAction","target":["https:\/\/la.safestart.com\/oldv\/sala-de-prensa\/"]}]},{"@type":"ImageObject","inLanguage":"es","@id":"https:\/\/la.safestart.com\/oldv\/sala-de-prensa\/#primaryimage","url":"https:\/\/la.safestart.com\/oldv\/wp-content\/uploads\/2018\/11\/Sala-de-prensa-SafeStart_Cultura-de-la-seguridad_mantengase-a-salvo.jpg","contentUrl":"https:\/\/la.safestart.com\/oldv\/wp-content\/uploads\/2018\/11\/Sala-de-prensa-SafeStart_Cultura-de-la-seguridad_mantengase-a-salvo.jpg","width":1900,"height":450,"caption":"\u00a1Encuentre todas las noticias sobre SafeStart, la seguridad y los nuevos lanzamientos aqu\u00ed mismo, en la sala de prensa! (Imagen: \u00a9 Tolgart | Getty Images)"},{"@type":"BreadcrumbList","@id":"https:\/\/la.safestart.com\/oldv\/sala-de-prensa\/#breadcrumb","itemListElement":[{"@type":"ListItem","position":1,"name":"SafeStart","item":"https:\/\/la.safestart.com\/oldv\/"},{"@type":"ListItem","position":2,"name":"Noticias"}]},{"@type":"WebSite","@id":"https:\/\/la.safestart.com\/oldv\/#website","url":"https:\/\/la.safestart.com\/oldv\/","name":"SafeStart","description":"SafeStart aborda los errores humanos involuntarios y los h\u00e1bitos de seguridad cr\u00edticos, disminuyendo el riesgo y la probabilidad de lesiones. SafeStart acelera y mejora notablemente los esfuerzos emprendidos a fin de reducir los incidentes, complementando aquellos enfoques.","publisher":{"@id":"https:\/\/la.safestart.com\/oldv\/#organization"},"potentialAction":[{"@type":"SearchAction","target":{"@type":"EntryPoint","urlTemplate":"https:\/\/la.safestart.com\/oldv\/?s={search_term_string}"},"query-input":"required name=search_term_string"}],"inLanguage":"es"},{"@type":"Organization","@id":"https:\/\/la.safestart.com\/oldv\/#organization","name":"SafeStart","url":"https:\/\/la.safestart.com\/oldv\/","logo":{"@type":"ImageObject","inLanguage":"es","@id":"https:\/\/la.safestart.com\/oldv\/#\/schema\/logo\/image\/","url":"https:\/\/lightyellow-salamander-971425.hostingersite.com\/wp-content\/uploads\/2018\/06\/SafeStart-Logo_1.jpg","contentUrl":"https:\/\/lightyellow-salamander-971425.hostingersite.com\/wp-content\/uploads\/2018\/06\/SafeStart-Logo_1.jpg","width":1057,"height":491,"caption":"SafeStart"},"image":{"@id":"https:\/\/la.safestart.com\/oldv\/#\/schema\/logo\/image\/"},"sameAs":["https:\/\/www.facebook.com\/safestart\/","https:\/\/www.linkedin.com\/showcase\/safestart-europe\/","https:\/\/www.youtube.com\/channel\/UCuy50tTZ7S-IvM58tYj9EmA"]}]}},"_links":{"self":[{"href":"https:\/\/la.safestart.com\/oldv\/wp-json\/wp\/v2\/pages\/429","targetHints":{"allow":["GET"]}}],"collection":[{"href":"https:\/\/la.safestart.com\/oldv\/wp-json\/wp\/v2\/pages"}],"about":[{"href":"https:\/\/la.safestart.com\/oldv\/wp-json\/wp\/v2\/types\/page"}],"author":[{"embeddable":true,"href":"https:\/\/la.safestart.com\/oldv\/wp-json\/wp\/v2\/users\/17"}],"replies":[{"embeddable":true,"href":"https:\/\/la.safestart.com\/oldv\/wp-json\/wp\/v2\/comments?post=429"}],"version-history":[{"count":9,"href":"https:\/\/la.safestart.com\/oldv\/wp-json\/wp\/v2\/pages\/429\/revisions"}],"predecessor-version":[{"id":4547,"href":"https:\/\/la.safestart.com\/oldv\/wp-json\/wp\/v2\/pages\/429\/revisions\/4547"}],"wp:featuredmedia":[{"embeddable":true,"href":"https:\/\/la.safestart.com\/oldv\/wp-json\/wp\/v2\/media\/1854"}],"wp:attachment":[{"href":"https:\/\/la.safestart.com\/oldv\/wp-json\/wp\/v2\/media?parent=429"}],"curies":[{"name":"wp","href":"https:\/\/api.w.org\/{rel}","templated":true}]}}