{"id":805,"date":"2018-07-17T12:50:08","date_gmt":"2018-07-17T10:50:08","guid":{"rendered":"http:\/\/lightyellow-salamander-971425.hostingersite.com\/?page_id=805"},"modified":"2020-06-22T16:05:19","modified_gmt":"2020-06-22T14:05:19","slug":"reduccion-de-lesiones","status":"publish","type":"page","link":"https:\/\/la.safestart.com\/oldv\/que-es-safestart\/reduccion-de-lesiones\/","title":{"rendered":"Reducci\u00f3n de Lesiones"},"content":{"rendered":"<p><span style=\"font-weight: 400;\">Un reto perpetuo para las organizaciones y empresas en todo el mundo es la mejor forma de disminuir los accidentes y reducir las tasas de lesiones. Los m\u00e9todos tradicionales han sido muy \u00fatiles para el sector con resultados positivos, sin embargo, en determinado momento, las empresas notan que estas mejoras empiezan a aflojar y el rendimiento a estancarse. Es cuando se dan cuenta que es imprescindible trabajar los factores humanos para una reducci\u00f3n significativa de lesiones dentro y fuera del trabajo.<\/span><\/p>\n<p><span style=\"font-weight: 400;\">Casi 4.000 organizaciones en m\u00e1s de 60 pa\u00edses han notado que el programa SafeStart ha propiciado un salto hacia adelante. Este \u00e9xito se debe a la aplicaci\u00f3n de las probadas herramientas y t\u00e9cnicas hoy comprobadas por la neurociencia.<\/span><\/p>\n<p><b>Minimizando las lesiones<\/b><\/p>\n<p><span style=\"font-weight: 400;\">El enfoque tradicional sobre la seguridad se centra principalmente en el peligro. Sin embargo, SafeStart se enfoca en el estado mental en que la persona se encuentra. Trabaja los cuatro estados: <\/span><b>Prisa<\/b><span style=\"font-weight: 400;\">, <\/span><b>Frustraci\u00f3n<\/b><span style=\"font-weight: 400;\">, <\/span><b>Fatiga<\/b><span style=\"font-weight: 400;\"> y <\/span><b>Complacencia<\/b><span style=\"font-weight: 400;\">, responsables por cuatro errores cr\u00edticos: <\/span><b>Ojos no en la Tarea<\/b><span style=\"font-weight: 400;\">, <\/span><b>Mente no en la Tarea<\/b><span style=\"font-weight: 400;\">, entrar o estar en la <\/span><b>L\u00ednea de Fuego<\/b><span style=\"font-weight: 400;\"> o perder el <\/span><b>Equilibrio, Tracci\u00f3n o Agarre<\/b><span style=\"font-weight: 400;\">.<\/span><\/p>\n<p><b>Este patr\u00f3n de estado (que conduce) a error es la causa de m\u00e1s de nueve de cada diez lesiones que sufren las personas en su trabajo y vida personal.<\/b><\/p>\n<p><span style=\"font-weight: 400;\">Uno de los objetivos clave del entrenamiento SafeStart consiste en guiar a los participantes hacia un reconocimiento de estos patrones de estado a error y c\u00f3mo \u00e9stos pueden originar riesgos que provocan lesiones.<\/span><\/p>\n<p><span style=\"font-weight: 400;\">Al sensibilizar a los participantes sobre el poder de este patr\u00f3n de riesgo de estado a error, se abre la v\u00eda hacia el aprendizaje de t\u00e9cnicas y competencias que reducen significativamente estos errores.<\/span><\/p>\n<h2><b>El diferencial de SafeStart<\/b><\/h2>\n<p><span style=\"font-weight: 400;\">SafeStart aumenta la concientizaci\u00f3n global sobre situaciones de riesgo de cada persona y aporta t\u00e9cnicas que funcionan para garantizar su seguridad autom\u00e1ticamente y en tiempo real.<\/span><\/p>\n<p><span style=\"font-weight: 400;\">Darse cuenta de que existe un peligro no sirve de nada cuando una persona est\u00e1 distra\u00edda o no est\u00e1 observando. SafeStart identifica cu\u00e1ndo los errores que causan lesiones son m\u00e1s probables y desarrolla las competencias necesarias para adelantarse a los resultados adversos, tanto dentro c\u00f3mo fuera del trabajo.<\/span><\/p>\n","protected":false},"excerpt":{"rendered":"<p>Un reto perpetuo para las organizaciones y empresas en todo el mundo es la mejor forma de disminuir los accidentes y reducir las tasas de lesiones. Los m\u00e9todos tradicionales han sido muy \u00fatiles para el sector con resultados positivos, sin embargo, en determinado momento, las&#8230;<\/p>\n","protected":false},"author":17,"featured_media":1781,"parent":804,"menu_order":0,"comment_status":"closed","ping_status":"closed","template":"page-fullwidthimage.php","meta":{"_acf_changed":false,"footnotes":""},"class_list":["post-805","page","type-page","status-publish","has-post-thumbnail","hentry"],"acf":[],"yoast_head":"<!-- This site is optimized with the Yoast SEO plugin v22.2 - https:\/\/yoast.com\/wordpress\/plugins\/seo\/ -->\n<title>Reducci\u00f3n de Lesiones - SafeStart<\/title>\n<meta name=\"description\" content=\"El reto para empresas en todo el mundo: menos lesiones. \u00bfC\u00f3mo reducir eficazmente las lesiones, sobre todo las involuntarias? SafeStart da una respuesta.\" \/>\n<meta name=\"robots\" content=\"index, follow, max-snippet:-1, max-image-preview:large, max-video-preview:-1\" \/>\n<link rel=\"canonical\" href=\"https:\/\/la.safestart.com\/oldv\/que-es-safestart\/reduccion-de-lesiones\/\" \/>\n<meta property=\"og:locale\" content=\"es_ES\" \/>\n<meta property=\"og:type\" content=\"article\" \/>\n<meta property=\"og:title\" content=\"Reducci\u00f3n de Lesiones - SafeStart\" \/>\n<meta property=\"og:description\" content=\"El reto para empresas en todo el mundo: menos lesiones. \u00bfC\u00f3mo reducir eficazmente las lesiones, sobre todo las involuntarias? SafeStart da una respuesta.\" \/>\n<meta property=\"og:url\" content=\"https:\/\/la.safestart.com\/oldv\/que-es-safestart\/reduccion-de-lesiones\/\" \/>\n<meta property=\"og:site_name\" content=\"SafeStart\" \/>\n<meta property=\"article:publisher\" content=\"https:\/\/www.facebook.com\/safestart\/\" \/>\n<meta property=\"article:modified_time\" content=\"2020-06-22T14:05:19+00:00\" \/>\n<meta property=\"og:image\" content=\"https:\/\/la.safestart.com\/oldv\/wp-content\/uploads\/2018\/11\/Reducir-lesiones_Mejorar-la-seguridad-en-el-lugar-de-trabajo.jpg\" \/>\n\t<meta property=\"og:image:width\" content=\"1900\" \/>\n\t<meta property=\"og:image:height\" content=\"450\" \/>\n\t<meta property=\"og:image:type\" content=\"image\/jpeg\" \/>\n<meta name=\"twitter:card\" content=\"summary_large_image\" \/>\n<meta name=\"twitter:label1\" content=\"Tiempo de lectura\" \/>\n\t<meta name=\"twitter:data1\" content=\"2 minutos\" \/>\n<script type=\"application\/ld+json\" class=\"yoast-schema-graph\">{\"@context\":\"https:\/\/schema.org\",\"@graph\":[{\"@type\":\"WebPage\",\"@id\":\"https:\/\/la.safestart.com\/oldv\/que-es-safestart\/reduccion-de-lesiones\/\",\"url\":\"https:\/\/la.safestart.com\/oldv\/que-es-safestart\/reduccion-de-lesiones\/\",\"name\":\"Reducci\u00f3n de Lesiones - SafeStart\",\"isPartOf\":{\"@id\":\"https:\/\/la.safestart.com\/oldv\/#website\"},\"primaryImageOfPage\":{\"@id\":\"https:\/\/la.safestart.com\/oldv\/que-es-safestart\/reduccion-de-lesiones\/#primaryimage\"},\"image\":{\"@id\":\"https:\/\/la.safestart.com\/oldv\/que-es-safestart\/reduccion-de-lesiones\/#primaryimage\"},\"thumbnailUrl\":\"https:\/\/la.safestart.com\/oldv\/wp-content\/uploads\/2018\/11\/Reducir-lesiones_Mejorar-la-seguridad-en-el-lugar-de-trabajo.jpg\",\"datePublished\":\"2018-07-17T10:50:08+00:00\",\"dateModified\":\"2020-06-22T14:05:19+00:00\",\"description\":\"El reto para empresas en todo el mundo: menos lesiones. \u00bfC\u00f3mo reducir eficazmente las lesiones, sobre todo las involuntarias? SafeStart da una respuesta.\",\"breadcrumb\":{\"@id\":\"https:\/\/la.safestart.com\/oldv\/que-es-safestart\/reduccion-de-lesiones\/#breadcrumb\"},\"inLanguage\":\"es\",\"potentialAction\":[{\"@type\":\"ReadAction\",\"target\":[\"https:\/\/la.safestart.com\/oldv\/que-es-safestart\/reduccion-de-lesiones\/\"]}]},{\"@type\":\"ImageObject\",\"inLanguage\":\"es\",\"@id\":\"https:\/\/la.safestart.com\/oldv\/que-es-safestart\/reduccion-de-lesiones\/#primaryimage\",\"url\":\"https:\/\/la.safestart.com\/oldv\/wp-content\/uploads\/2018\/11\/Reducir-lesiones_Mejorar-la-seguridad-en-el-lugar-de-trabajo.jpg\",\"contentUrl\":\"https:\/\/la.safestart.com\/oldv\/wp-content\/uploads\/2018\/11\/Reducir-lesiones_Mejorar-la-seguridad-en-el-lugar-de-trabajo.jpg\",\"width\":1900,\"height\":450,\"caption\":\"\u00bfQu\u00e9 hace falta para reducir las lesiones de forma sostenida? Muchas empresas afrontan el reto de la reducci\u00f3n eficaz de lesiones sin atender un cambio adecuado en su cultura de la seguridad. La formaci\u00f3n en materia de seguridad basada en la concienciaci\u00f3n sobre este tema es la clave. (Imagen: \u00a9 Baona \/ Getty Images)\"},{\"@type\":\"BreadcrumbList\",\"@id\":\"https:\/\/la.safestart.com\/oldv\/que-es-safestart\/reduccion-de-lesiones\/#breadcrumb\",\"itemListElement\":[{\"@type\":\"ListItem\",\"position\":1,\"name\":\"SafeStart\",\"item\":\"https:\/\/la.safestart.com\/oldv\/\"},{\"@type\":\"ListItem\",\"position\":2,\"name\":\"\u00bfQu\u00e9 es SafeStart?\",\"item\":\"https:\/\/la.safestart.com\/oldv\/que-es-safestart\/\"},{\"@type\":\"ListItem\",\"position\":3,\"name\":\"Reducci\u00f3n de Lesiones\"}]},{\"@type\":\"WebSite\",\"@id\":\"https:\/\/la.safestart.com\/oldv\/#website\",\"url\":\"https:\/\/la.safestart.com\/oldv\/\",\"name\":\"SafeStart\",\"description\":\"SafeStart aborda los errores humanos involuntarios y los h\u00e1bitos de seguridad cr\u00edticos, disminuyendo el riesgo y la probabilidad de lesiones. SafeStart acelera y mejora notablemente los esfuerzos emprendidos a fin de reducir los incidentes, complementando aquellos enfoques.\",\"publisher\":{\"@id\":\"https:\/\/la.safestart.com\/oldv\/#organization\"},\"potentialAction\":[{\"@type\":\"SearchAction\",\"target\":{\"@type\":\"EntryPoint\",\"urlTemplate\":\"https:\/\/la.safestart.com\/oldv\/?s={search_term_string}\"},\"query-input\":\"required name=search_term_string\"}],\"inLanguage\":\"es\"},{\"@type\":\"Organization\",\"@id\":\"https:\/\/la.safestart.com\/oldv\/#organization\",\"name\":\"SafeStart\",\"url\":\"https:\/\/la.safestart.com\/oldv\/\",\"logo\":{\"@type\":\"ImageObject\",\"inLanguage\":\"es\",\"@id\":\"https:\/\/la.safestart.com\/oldv\/#\/schema\/logo\/image\/\",\"url\":\"https:\/\/lightyellow-salamander-971425.hostingersite.com\/wp-content\/uploads\/2018\/06\/SafeStart-Logo_1.jpg\",\"contentUrl\":\"https:\/\/lightyellow-salamander-971425.hostingersite.com\/wp-content\/uploads\/2018\/06\/SafeStart-Logo_1.jpg\",\"width\":1057,\"height\":491,\"caption\":\"SafeStart\"},\"image\":{\"@id\":\"https:\/\/la.safestart.com\/oldv\/#\/schema\/logo\/image\/\"},\"sameAs\":[\"https:\/\/www.facebook.com\/safestart\/\",\"https:\/\/www.linkedin.com\/showcase\/safestart-europe\/\",\"https:\/\/www.youtube.com\/channel\/UCuy50tTZ7S-IvM58tYj9EmA\"]}]}<\/script>\n<!-- \/ Yoast SEO plugin. -->","yoast_head_json":{"title":"Reducci\u00f3n de Lesiones - SafeStart","description":"El reto para empresas en todo el mundo: menos lesiones. \u00bfC\u00f3mo reducir eficazmente las lesiones, sobre todo las involuntarias? SafeStart da una respuesta.","robots":{"index":"index","follow":"follow","max-snippet":"max-snippet:-1","max-image-preview":"max-image-preview:large","max-video-preview":"max-video-preview:-1"},"canonical":"https:\/\/la.safestart.com\/oldv\/que-es-safestart\/reduccion-de-lesiones\/","og_locale":"es_ES","og_type":"article","og_title":"Reducci\u00f3n de Lesiones - SafeStart","og_description":"El reto para empresas en todo el mundo: menos lesiones. \u00bfC\u00f3mo reducir eficazmente las lesiones, sobre todo las involuntarias? SafeStart da una respuesta.","og_url":"https:\/\/la.safestart.com\/oldv\/que-es-safestart\/reduccion-de-lesiones\/","og_site_name":"SafeStart","article_publisher":"https:\/\/www.facebook.com\/safestart\/","article_modified_time":"2020-06-22T14:05:19+00:00","og_image":[{"width":1900,"height":450,"url":"https:\/\/la.safestart.com\/oldv\/wp-content\/uploads\/2018\/11\/Reducir-lesiones_Mejorar-la-seguridad-en-el-lugar-de-trabajo.jpg","type":"image\/jpeg"}],"twitter_card":"summary_large_image","twitter_misc":{"Tiempo de lectura":"2 minutos"},"schema":{"@context":"https:\/\/schema.org","@graph":[{"@type":"WebPage","@id":"https:\/\/la.safestart.com\/oldv\/que-es-safestart\/reduccion-de-lesiones\/","url":"https:\/\/la.safestart.com\/oldv\/que-es-safestart\/reduccion-de-lesiones\/","name":"Reducci\u00f3n de Lesiones - SafeStart","isPartOf":{"@id":"https:\/\/la.safestart.com\/oldv\/#website"},"primaryImageOfPage":{"@id":"https:\/\/la.safestart.com\/oldv\/que-es-safestart\/reduccion-de-lesiones\/#primaryimage"},"image":{"@id":"https:\/\/la.safestart.com\/oldv\/que-es-safestart\/reduccion-de-lesiones\/#primaryimage"},"thumbnailUrl":"https:\/\/la.safestart.com\/oldv\/wp-content\/uploads\/2018\/11\/Reducir-lesiones_Mejorar-la-seguridad-en-el-lugar-de-trabajo.jpg","datePublished":"2018-07-17T10:50:08+00:00","dateModified":"2020-06-22T14:05:19+00:00","description":"El reto para empresas en todo el mundo: menos lesiones. \u00bfC\u00f3mo reducir eficazmente las lesiones, sobre todo las involuntarias? SafeStart da una respuesta.","breadcrumb":{"@id":"https:\/\/la.safestart.com\/oldv\/que-es-safestart\/reduccion-de-lesiones\/#breadcrumb"},"inLanguage":"es","potentialAction":[{"@type":"ReadAction","target":["https:\/\/la.safestart.com\/oldv\/que-es-safestart\/reduccion-de-lesiones\/"]}]},{"@type":"ImageObject","inLanguage":"es","@id":"https:\/\/la.safestart.com\/oldv\/que-es-safestart\/reduccion-de-lesiones\/#primaryimage","url":"https:\/\/la.safestart.com\/oldv\/wp-content\/uploads\/2018\/11\/Reducir-lesiones_Mejorar-la-seguridad-en-el-lugar-de-trabajo.jpg","contentUrl":"https:\/\/la.safestart.com\/oldv\/wp-content\/uploads\/2018\/11\/Reducir-lesiones_Mejorar-la-seguridad-en-el-lugar-de-trabajo.jpg","width":1900,"height":450,"caption":"\u00bfQu\u00e9 hace falta para reducir las lesiones de forma sostenida? Muchas empresas afrontan el reto de la reducci\u00f3n eficaz de lesiones sin atender un cambio adecuado en su cultura de la seguridad. La formaci\u00f3n en materia de seguridad basada en la concienciaci\u00f3n sobre este tema es la clave. (Imagen: \u00a9 Baona \/ Getty Images)"},{"@type":"BreadcrumbList","@id":"https:\/\/la.safestart.com\/oldv\/que-es-safestart\/reduccion-de-lesiones\/#breadcrumb","itemListElement":[{"@type":"ListItem","position":1,"name":"SafeStart","item":"https:\/\/la.safestart.com\/oldv\/"},{"@type":"ListItem","position":2,"name":"\u00bfQu\u00e9 es SafeStart?","item":"https:\/\/la.safestart.com\/oldv\/que-es-safestart\/"},{"@type":"ListItem","position":3,"name":"Reducci\u00f3n de Lesiones"}]},{"@type":"WebSite","@id":"https:\/\/la.safestart.com\/oldv\/#website","url":"https:\/\/la.safestart.com\/oldv\/","name":"SafeStart","description":"SafeStart aborda los errores humanos involuntarios y los h\u00e1bitos de seguridad cr\u00edticos, disminuyendo el riesgo y la probabilidad de lesiones. SafeStart acelera y mejora notablemente los esfuerzos emprendidos a fin de reducir los incidentes, complementando aquellos enfoques.","publisher":{"@id":"https:\/\/la.safestart.com\/oldv\/#organization"},"potentialAction":[{"@type":"SearchAction","target":{"@type":"EntryPoint","urlTemplate":"https:\/\/la.safestart.com\/oldv\/?s={search_term_string}"},"query-input":"required name=search_term_string"}],"inLanguage":"es"},{"@type":"Organization","@id":"https:\/\/la.safestart.com\/oldv\/#organization","name":"SafeStart","url":"https:\/\/la.safestart.com\/oldv\/","logo":{"@type":"ImageObject","inLanguage":"es","@id":"https:\/\/la.safestart.com\/oldv\/#\/schema\/logo\/image\/","url":"https:\/\/lightyellow-salamander-971425.hostingersite.com\/wp-content\/uploads\/2018\/06\/SafeStart-Logo_1.jpg","contentUrl":"https:\/\/lightyellow-salamander-971425.hostingersite.com\/wp-content\/uploads\/2018\/06\/SafeStart-Logo_1.jpg","width":1057,"height":491,"caption":"SafeStart"},"image":{"@id":"https:\/\/la.safestart.com\/oldv\/#\/schema\/logo\/image\/"},"sameAs":["https:\/\/www.facebook.com\/safestart\/","https:\/\/www.linkedin.com\/showcase\/safestart-europe\/","https:\/\/www.youtube.com\/channel\/UCuy50tTZ7S-IvM58tYj9EmA"]}]}},"_links":{"self":[{"href":"https:\/\/la.safestart.com\/oldv\/wp-json\/wp\/v2\/pages\/805","targetHints":{"allow":["GET"]}}],"collection":[{"href":"https:\/\/la.safestart.com\/oldv\/wp-json\/wp\/v2\/pages"}],"about":[{"href":"https:\/\/la.safestart.com\/oldv\/wp-json\/wp\/v2\/types\/page"}],"author":[{"embeddable":true,"href":"https:\/\/la.safestart.com\/oldv\/wp-json\/wp\/v2\/users\/17"}],"replies":[{"embeddable":true,"href":"https:\/\/la.safestart.com\/oldv\/wp-json\/wp\/v2\/comments?post=805"}],"version-history":[{"count":6,"href":"https:\/\/la.safestart.com\/oldv\/wp-json\/wp\/v2\/pages\/805\/revisions"}],"predecessor-version":[{"id":2950,"href":"https:\/\/la.safestart.com\/oldv\/wp-json\/wp\/v2\/pages\/805\/revisions\/2950"}],"up":[{"embeddable":true,"href":"https:\/\/la.safestart.com\/oldv\/wp-json\/wp\/v2\/pages\/804"}],"wp:featuredmedia":[{"embeddable":true,"href":"https:\/\/la.safestart.com\/oldv\/wp-json\/wp\/v2\/media\/1781"}],"wp:attachment":[{"href":"https:\/\/la.safestart.com\/oldv\/wp-json\/wp\/v2\/media?parent=805"}],"curies":[{"name":"wp","href":"https:\/\/api.w.org\/{rel}","templated":true}]}}