{"id":809,"date":"2018-07-17T12:48:45","date_gmt":"2018-07-17T10:48:45","guid":{"rendered":"http:\/\/lightyellow-salamander-971425.hostingersite.com\/?page_id=809"},"modified":"2020-06-26T16:15:59","modified_gmt":"2020-06-26T14:15:59","slug":"mejora-de-la-calidad-y-eficiencia-operativa","status":"publish","type":"page","link":"https:\/\/la.safestart.com\/oldv\/que-es-safestart\/mejora-de-la-calidad-y-eficiencia-operativa\/","title":{"rendered":"Mejora de la Calidad y Eficiencia Operativa"},"content":{"rendered":"<p>Los factores humanos intervienen en todas y cada una de las acciones que emprendemos. Es por eso que las <strong>T\u00e9cnicas de Reducci\u00f3n de Errores Cr\u00edticos (TREC)<\/strong> tambi\u00e9n pueden desempe\u00f1ar un papel importante en la mejora de la eficiencia operativa, en la reducci\u00f3n de los niveles de ausentismo laboral, en la mejora de la productividad y la calidad del servicio.<\/p>\n<p><strong>Desde la seguridad, pasando por la calidad, hacia la eficiencia operativa<\/strong><\/p>\n<figure id=\"attachment_1792\" aria-describedby=\"caption-attachment-1792\" style=\"width: 265px\" class=\"wp-caption alignright\"><img fetchpriority=\"high\" decoding=\"async\" class=\"size-full wp-image-1792\" src=\"http:\/\/lightyellow-salamander-971425.hostingersite.com\/wp-content\/uploads\/2018\/11\/SafeStart-1-proceso-de-formaci\u00f3n-en-seguridad-del-mundo-centrado.jpg\" alt=\"SafeStart International, el 1\u00ba proceso de formaci\u00f3n en seguridad del mundo, programas de formaci\u00f3n en seguridad, actor global, mejorar la calidad, mejorar la eficiencia operativa, reducir las lesiones, realizar un cambio de cultura positivo, mejorar la implicaci\u00f3n de los empleados, competencias de seguridad cotidiana, SafeStart, SafeStart International, h\u00e1bitos de seguridad, seguridad en el trabajo, seguridad laboral, mejorar la cultura de la seguridad, aumentar la conciencia sobre seguridad, reducir el fallo humano, reducir las lesiones, reducci\u00f3n de lesiones, reducir las tasas de accidentes, mejorar las cifras de la empresa, prevenir errores cr\u00edticos, implementar un cambio de cultura positivo en su empresa, promover la implicaci\u00f3n de los empleados, mejorar el compromiso de los empleados, seguridad cotidiana, seguridad en todo momento, estar seguro en todo momento, pautas de comportamiento seguras, aprender comportamientos seguros, adquirir competencias universales de seguridad, competencias de seguridad para familias, competencias de seguridad para ni\u00f1os, competencias de seguridad para todos, formaci\u00f3n en seguridad para los empleados, seguridad para toda la empresa, formaci\u00f3n en seguridad para ni\u00f1os, mejorar la eficiencia operativa, mejorar la calidad, h\u00e1bitos relacionados con la seguridad, comportamiento relacionado con la seguridad, patrones de riesgo, garantizar un alto rendimiento, estados cr\u00edticos, decisiones cr\u00edticas, errores cr\u00edticos, c\u00f3mo se producen las lesiones, c\u00f3mo prevenir lesiones, c\u00f3mo prevenir accidentes\" width=\"265\" height=\"265\" srcset=\"https:\/\/la.safestart.com\/oldv\/wp-content\/uploads\/2018\/11\/SafeStart-1-proceso-de-formaci\u00f3n-en-seguridad-del-mundo-centrado.jpg 265w, https:\/\/la.safestart.com\/oldv\/wp-content\/uploads\/2018\/11\/SafeStart-1-proceso-de-formaci\u00f3n-en-seguridad-del-mundo-centrado-150x150.jpg 150w\" sizes=\"(max-width: 265px) 100vw, 265px\" \/><figcaption id=\"caption-attachment-1792\" class=\"wp-caption-text\">SafeStart ha llegado a m\u00e1s de 3.000.000 de personas y las ense\u00f1\u00f3 c\u00f3mo estar seguras; y c\u00f3mo realizar un cambio positivo en un mundo en movimiento. (Imagen: \u00a9 SafeStart)<\/figcaption><\/figure>\n<p>SafeStart ha capacitado a m\u00e1s de 3.500.000 de personas, ense\u00f1\u00e1ndoles a c\u00f3mo estar seguras y a c\u00f3mo realizar un cambio positivo en un mundo en constante movimiento.<\/p>\n<p>Aunque nos esforzamos incansablemente en perfeccionar el programa de seguridad m\u00e1s exitoso del mundo, pronto descubrimos que los clientes utilizan los conceptos de SafeStart en todas las \u00e1reas de sus organizaciones, c\u00f3mo producci\u00f3n, control de calidad y los contextos de servicio al cliente.<\/p>\n<p>\u00bfY por qu\u00e9? La raz\u00f3n es obvia: <strong>los resultados<\/strong>. La metodolog\u00eda de SafeStart impacta positivamente en la mejora del rendimiento y el aumento considerable de la competitividad.<\/p>\n<h2><strong>M\u00e1s que simple seguridad<\/strong><\/h2>\n<p>Las empresas que han implementado SafeStart reportan fuertes ca\u00eddas del tiempo de inactividad no programado (m\u00e1s del 70 por ciento) y en el costo por tonelada (m\u00e1s del 53 por ciento), as\u00ed como del espectacular descenso de los reclamos provenientes de los clientes (48 por ciento).<\/p>\n<p>Estos resultados nos han inspirado a desarrollar el programa <strong>SafeStart Performance<\/strong>, un programa de entrenamiento compuesto por tres m\u00f3dulos que tiene como objetivo ayudar a las organizaciones a trasladar los conceptos de SafeStart y las T\u00e9cnicas de Reducci\u00f3n de Errores Cr\u00edticos (TREC) a cualquier situaci\u00f3n.<\/p>\n<p>Conozca m\u00e1s sobre los logros de SafeStart leyendo nuestros <a href=\"http:\/\/lightyellow-salamander-971425.hostingersite.com\/casos-practicos\/\"><u>casos de estudio<\/u>.<\/a><\/p>\n","protected":false},"excerpt":{"rendered":"<p>Los factores humanos intervienen en todas y cada una de las acciones que emprendemos. Es por eso que las T\u00e9cnicas de Reducci\u00f3n de Errores Cr\u00edticos (TREC) tambi\u00e9n pueden desempe\u00f1ar un papel importante en la mejora de la eficiencia operativa, en la reducci\u00f3n de los niveles&#8230;<\/p>\n","protected":false},"author":17,"featured_media":1791,"parent":804,"menu_order":0,"comment_status":"closed","ping_status":"closed","template":"page-fullwidthimage.php","meta":{"_acf_changed":false,"footnotes":""},"class_list":["post-809","page","type-page","status-publish","has-post-thumbnail","hentry"],"acf":[],"yoast_head":"<!-- This site is optimized with the Yoast SEO plugin v22.2 - https:\/\/yoast.com\/wordpress\/plugins\/seo\/ -->\n<title>Mejora de la Calidad y Eficiencia Operativa - SafeStart<\/title>\n<meta name=\"description\" content=\"\u00bfC\u00f3mo pueden las empresas mejorar la calidad y eficiencia operativa? La clave radica en ver el panorama completo y centrarse en la seguridad en particular.\" \/>\n<meta name=\"robots\" content=\"index, follow, max-snippet:-1, max-image-preview:large, max-video-preview:-1\" \/>\n<link rel=\"canonical\" href=\"https:\/\/la.safestart.com\/oldv\/que-es-safestart\/mejora-de-la-calidad-y-eficiencia-operativa\/\" \/>\n<meta property=\"og:locale\" content=\"es_ES\" \/>\n<meta property=\"og:type\" content=\"article\" \/>\n<meta property=\"og:title\" content=\"Mejora de la Calidad y Eficiencia Operativa - SafeStart\" \/>\n<meta property=\"og:description\" content=\"\u00bfC\u00f3mo pueden las empresas mejorar la calidad y eficiencia operativa? La clave radica en ver el panorama completo y centrarse en la seguridad en particular.\" \/>\n<meta property=\"og:url\" content=\"https:\/\/la.safestart.com\/oldv\/que-es-safestart\/mejora-de-la-calidad-y-eficiencia-operativa\/\" \/>\n<meta property=\"og:site_name\" content=\"SafeStart\" \/>\n<meta property=\"article:publisher\" content=\"https:\/\/www.facebook.com\/safestart\/\" \/>\n<meta property=\"article:modified_time\" content=\"2020-06-26T14:15:59+00:00\" \/>\n<meta property=\"og:image\" content=\"https:\/\/la.safestart.com\/oldv\/wp-content\/uploads\/2018\/11\/SafeStart_Mejora-de-la-calidad-Eficiencia-operativa.jpg\" \/>\n\t<meta property=\"og:image:width\" content=\"1900\" \/>\n\t<meta property=\"og:image:height\" content=\"450\" \/>\n\t<meta property=\"og:image:type\" content=\"image\/jpeg\" \/>\n<meta name=\"twitter:card\" content=\"summary_large_image\" \/>\n<meta name=\"twitter:label1\" content=\"Tiempo de lectura\" \/>\n\t<meta name=\"twitter:data1\" content=\"2 minutos\" \/>\n<script type=\"application\/ld+json\" class=\"yoast-schema-graph\">{\"@context\":\"https:\/\/schema.org\",\"@graph\":[{\"@type\":\"WebPage\",\"@id\":\"https:\/\/la.safestart.com\/oldv\/que-es-safestart\/mejora-de-la-calidad-y-eficiencia-operativa\/\",\"url\":\"https:\/\/la.safestart.com\/oldv\/que-es-safestart\/mejora-de-la-calidad-y-eficiencia-operativa\/\",\"name\":\"Mejora de la Calidad y Eficiencia Operativa - SafeStart\",\"isPartOf\":{\"@id\":\"https:\/\/la.safestart.com\/oldv\/#website\"},\"primaryImageOfPage\":{\"@id\":\"https:\/\/la.safestart.com\/oldv\/que-es-safestart\/mejora-de-la-calidad-y-eficiencia-operativa\/#primaryimage\"},\"image\":{\"@id\":\"https:\/\/la.safestart.com\/oldv\/que-es-safestart\/mejora-de-la-calidad-y-eficiencia-operativa\/#primaryimage\"},\"thumbnailUrl\":\"https:\/\/la.safestart.com\/oldv\/wp-content\/uploads\/2018\/11\/SafeStart_Mejora-de-la-calidad-Eficiencia-operativa.jpg\",\"datePublished\":\"2018-07-17T10:48:45+00:00\",\"dateModified\":\"2020-06-26T14:15:59+00:00\",\"description\":\"\u00bfC\u00f3mo pueden las empresas mejorar la calidad y eficiencia operativa? La clave radica en ver el panorama completo y centrarse en la seguridad en particular.\",\"breadcrumb\":{\"@id\":\"https:\/\/la.safestart.com\/oldv\/que-es-safestart\/mejora-de-la-calidad-y-eficiencia-operativa\/#breadcrumb\"},\"inLanguage\":\"es\",\"potentialAction\":[{\"@type\":\"ReadAction\",\"target\":[\"https:\/\/la.safestart.com\/oldv\/que-es-safestart\/mejora-de-la-calidad-y-eficiencia-operativa\/\"]}]},{\"@type\":\"ImageObject\",\"inLanguage\":\"es\",\"@id\":\"https:\/\/la.safestart.com\/oldv\/que-es-safestart\/mejora-de-la-calidad-y-eficiencia-operativa\/#primaryimage\",\"url\":\"https:\/\/la.safestart.com\/oldv\/wp-content\/uploads\/2018\/11\/SafeStart_Mejora-de-la-calidad-Eficiencia-operativa.jpg\",\"contentUrl\":\"https:\/\/la.safestart.com\/oldv\/wp-content\/uploads\/2018\/11\/SafeStart_Mejora-de-la-calidad-Eficiencia-operativa.jpg\",\"width\":1900,\"height\":450,\"caption\":\"\u00bfC\u00f3mo mejorar la calidad? \u00bfY c\u00f3mo mejorar la eficiencia operativa? El programa de formaci\u00f3n en seguridad SafeStart es m\u00e1s que eso: ya reduce las lesiones en poco tiempo, mejora la implicaci\u00f3n de los empleados, abre la v\u00eda hacia un cambio de cultura positivo, aporta competencias de seguridad cotidiana y puede ser aplicado a todos los \u00e1mbitos empresariales. (Imagen: \u00a9 NicoElNino \/ Getty Images)\"},{\"@type\":\"BreadcrumbList\",\"@id\":\"https:\/\/la.safestart.com\/oldv\/que-es-safestart\/mejora-de-la-calidad-y-eficiencia-operativa\/#breadcrumb\",\"itemListElement\":[{\"@type\":\"ListItem\",\"position\":1,\"name\":\"SafeStart\",\"item\":\"https:\/\/la.safestart.com\/oldv\/\"},{\"@type\":\"ListItem\",\"position\":2,\"name\":\"\u00bfQu\u00e9 es SafeStart?\",\"item\":\"https:\/\/la.safestart.com\/oldv\/que-es-safestart\/\"},{\"@type\":\"ListItem\",\"position\":3,\"name\":\"Mejora de la Calidad y Eficiencia Operativa\"}]},{\"@type\":\"WebSite\",\"@id\":\"https:\/\/la.safestart.com\/oldv\/#website\",\"url\":\"https:\/\/la.safestart.com\/oldv\/\",\"name\":\"SafeStart\",\"description\":\"SafeStart aborda los errores humanos involuntarios y los h\u00e1bitos de seguridad cr\u00edticos, disminuyendo el riesgo y la probabilidad de lesiones. SafeStart acelera y mejora notablemente los esfuerzos emprendidos a fin de reducir los incidentes, complementando aquellos enfoques.\",\"publisher\":{\"@id\":\"https:\/\/la.safestart.com\/oldv\/#organization\"},\"potentialAction\":[{\"@type\":\"SearchAction\",\"target\":{\"@type\":\"EntryPoint\",\"urlTemplate\":\"https:\/\/la.safestart.com\/oldv\/?s={search_term_string}\"},\"query-input\":\"required name=search_term_string\"}],\"inLanguage\":\"es\"},{\"@type\":\"Organization\",\"@id\":\"https:\/\/la.safestart.com\/oldv\/#organization\",\"name\":\"SafeStart\",\"url\":\"https:\/\/la.safestart.com\/oldv\/\",\"logo\":{\"@type\":\"ImageObject\",\"inLanguage\":\"es\",\"@id\":\"https:\/\/la.safestart.com\/oldv\/#\/schema\/logo\/image\/\",\"url\":\"https:\/\/lightyellow-salamander-971425.hostingersite.com\/wp-content\/uploads\/2018\/06\/SafeStart-Logo_1.jpg\",\"contentUrl\":\"https:\/\/lightyellow-salamander-971425.hostingersite.com\/wp-content\/uploads\/2018\/06\/SafeStart-Logo_1.jpg\",\"width\":1057,\"height\":491,\"caption\":\"SafeStart\"},\"image\":{\"@id\":\"https:\/\/la.safestart.com\/oldv\/#\/schema\/logo\/image\/\"},\"sameAs\":[\"https:\/\/www.facebook.com\/safestart\/\",\"https:\/\/www.linkedin.com\/showcase\/safestart-europe\/\",\"https:\/\/www.youtube.com\/channel\/UCuy50tTZ7S-IvM58tYj9EmA\"]}]}<\/script>\n<!-- \/ Yoast SEO plugin. -->","yoast_head_json":{"title":"Mejora de la Calidad y Eficiencia Operativa - SafeStart","description":"\u00bfC\u00f3mo pueden las empresas mejorar la calidad y eficiencia operativa? La clave radica en ver el panorama completo y centrarse en la seguridad en particular.","robots":{"index":"index","follow":"follow","max-snippet":"max-snippet:-1","max-image-preview":"max-image-preview:large","max-video-preview":"max-video-preview:-1"},"canonical":"https:\/\/la.safestart.com\/oldv\/que-es-safestart\/mejora-de-la-calidad-y-eficiencia-operativa\/","og_locale":"es_ES","og_type":"article","og_title":"Mejora de la Calidad y Eficiencia Operativa - SafeStart","og_description":"\u00bfC\u00f3mo pueden las empresas mejorar la calidad y eficiencia operativa? La clave radica en ver el panorama completo y centrarse en la seguridad en particular.","og_url":"https:\/\/la.safestart.com\/oldv\/que-es-safestart\/mejora-de-la-calidad-y-eficiencia-operativa\/","og_site_name":"SafeStart","article_publisher":"https:\/\/www.facebook.com\/safestart\/","article_modified_time":"2020-06-26T14:15:59+00:00","og_image":[{"width":1900,"height":450,"url":"https:\/\/la.safestart.com\/oldv\/wp-content\/uploads\/2018\/11\/SafeStart_Mejora-de-la-calidad-Eficiencia-operativa.jpg","type":"image\/jpeg"}],"twitter_card":"summary_large_image","twitter_misc":{"Tiempo de lectura":"2 minutos"},"schema":{"@context":"https:\/\/schema.org","@graph":[{"@type":"WebPage","@id":"https:\/\/la.safestart.com\/oldv\/que-es-safestart\/mejora-de-la-calidad-y-eficiencia-operativa\/","url":"https:\/\/la.safestart.com\/oldv\/que-es-safestart\/mejora-de-la-calidad-y-eficiencia-operativa\/","name":"Mejora de la Calidad y Eficiencia Operativa - SafeStart","isPartOf":{"@id":"https:\/\/la.safestart.com\/oldv\/#website"},"primaryImageOfPage":{"@id":"https:\/\/la.safestart.com\/oldv\/que-es-safestart\/mejora-de-la-calidad-y-eficiencia-operativa\/#primaryimage"},"image":{"@id":"https:\/\/la.safestart.com\/oldv\/que-es-safestart\/mejora-de-la-calidad-y-eficiencia-operativa\/#primaryimage"},"thumbnailUrl":"https:\/\/la.safestart.com\/oldv\/wp-content\/uploads\/2018\/11\/SafeStart_Mejora-de-la-calidad-Eficiencia-operativa.jpg","datePublished":"2018-07-17T10:48:45+00:00","dateModified":"2020-06-26T14:15:59+00:00","description":"\u00bfC\u00f3mo pueden las empresas mejorar la calidad y eficiencia operativa? La clave radica en ver el panorama completo y centrarse en la seguridad en particular.","breadcrumb":{"@id":"https:\/\/la.safestart.com\/oldv\/que-es-safestart\/mejora-de-la-calidad-y-eficiencia-operativa\/#breadcrumb"},"inLanguage":"es","potentialAction":[{"@type":"ReadAction","target":["https:\/\/la.safestart.com\/oldv\/que-es-safestart\/mejora-de-la-calidad-y-eficiencia-operativa\/"]}]},{"@type":"ImageObject","inLanguage":"es","@id":"https:\/\/la.safestart.com\/oldv\/que-es-safestart\/mejora-de-la-calidad-y-eficiencia-operativa\/#primaryimage","url":"https:\/\/la.safestart.com\/oldv\/wp-content\/uploads\/2018\/11\/SafeStart_Mejora-de-la-calidad-Eficiencia-operativa.jpg","contentUrl":"https:\/\/la.safestart.com\/oldv\/wp-content\/uploads\/2018\/11\/SafeStart_Mejora-de-la-calidad-Eficiencia-operativa.jpg","width":1900,"height":450,"caption":"\u00bfC\u00f3mo mejorar la calidad? \u00bfY c\u00f3mo mejorar la eficiencia operativa? El programa de formaci\u00f3n en seguridad SafeStart es m\u00e1s que eso: ya reduce las lesiones en poco tiempo, mejora la implicaci\u00f3n de los empleados, abre la v\u00eda hacia un cambio de cultura positivo, aporta competencias de seguridad cotidiana y puede ser aplicado a todos los \u00e1mbitos empresariales. (Imagen: \u00a9 NicoElNino \/ Getty Images)"},{"@type":"BreadcrumbList","@id":"https:\/\/la.safestart.com\/oldv\/que-es-safestart\/mejora-de-la-calidad-y-eficiencia-operativa\/#breadcrumb","itemListElement":[{"@type":"ListItem","position":1,"name":"SafeStart","item":"https:\/\/la.safestart.com\/oldv\/"},{"@type":"ListItem","position":2,"name":"\u00bfQu\u00e9 es SafeStart?","item":"https:\/\/la.safestart.com\/oldv\/que-es-safestart\/"},{"@type":"ListItem","position":3,"name":"Mejora de la Calidad y Eficiencia Operativa"}]},{"@type":"WebSite","@id":"https:\/\/la.safestart.com\/oldv\/#website","url":"https:\/\/la.safestart.com\/oldv\/","name":"SafeStart","description":"SafeStart aborda los errores humanos involuntarios y los h\u00e1bitos de seguridad cr\u00edticos, disminuyendo el riesgo y la probabilidad de lesiones. SafeStart acelera y mejora notablemente los esfuerzos emprendidos a fin de reducir los incidentes, complementando aquellos enfoques.","publisher":{"@id":"https:\/\/la.safestart.com\/oldv\/#organization"},"potentialAction":[{"@type":"SearchAction","target":{"@type":"EntryPoint","urlTemplate":"https:\/\/la.safestart.com\/oldv\/?s={search_term_string}"},"query-input":"required name=search_term_string"}],"inLanguage":"es"},{"@type":"Organization","@id":"https:\/\/la.safestart.com\/oldv\/#organization","name":"SafeStart","url":"https:\/\/la.safestart.com\/oldv\/","logo":{"@type":"ImageObject","inLanguage":"es","@id":"https:\/\/la.safestart.com\/oldv\/#\/schema\/logo\/image\/","url":"https:\/\/lightyellow-salamander-971425.hostingersite.com\/wp-content\/uploads\/2018\/06\/SafeStart-Logo_1.jpg","contentUrl":"https:\/\/lightyellow-salamander-971425.hostingersite.com\/wp-content\/uploads\/2018\/06\/SafeStart-Logo_1.jpg","width":1057,"height":491,"caption":"SafeStart"},"image":{"@id":"https:\/\/la.safestart.com\/oldv\/#\/schema\/logo\/image\/"},"sameAs":["https:\/\/www.facebook.com\/safestart\/","https:\/\/www.linkedin.com\/showcase\/safestart-europe\/","https:\/\/www.youtube.com\/channel\/UCuy50tTZ7S-IvM58tYj9EmA"]}]}},"_links":{"self":[{"href":"https:\/\/la.safestart.com\/oldv\/wp-json\/wp\/v2\/pages\/809","targetHints":{"allow":["GET"]}}],"collection":[{"href":"https:\/\/la.safestart.com\/oldv\/wp-json\/wp\/v2\/pages"}],"about":[{"href":"https:\/\/la.safestart.com\/oldv\/wp-json\/wp\/v2\/types\/page"}],"author":[{"embeddable":true,"href":"https:\/\/la.safestart.com\/oldv\/wp-json\/wp\/v2\/users\/17"}],"replies":[{"embeddable":true,"href":"https:\/\/la.safestart.com\/oldv\/wp-json\/wp\/v2\/comments?post=809"}],"version-history":[{"count":6,"href":"https:\/\/la.safestart.com\/oldv\/wp-json\/wp\/v2\/pages\/809\/revisions"}],"predecessor-version":[{"id":3194,"href":"https:\/\/la.safestart.com\/oldv\/wp-json\/wp\/v2\/pages\/809\/revisions\/3194"}],"up":[{"embeddable":true,"href":"https:\/\/la.safestart.com\/oldv\/wp-json\/wp\/v2\/pages\/804"}],"wp:featuredmedia":[{"embeddable":true,"href":"https:\/\/la.safestart.com\/oldv\/wp-json\/wp\/v2\/media\/1791"}],"wp:attachment":[{"href":"https:\/\/la.safestart.com\/oldv\/wp-json\/wp\/v2\/media?parent=809"}],"curies":[{"name":"wp","href":"https:\/\/api.w.org\/{rel}","templated":true}]}}